{"id":122,"date":"2022-05-21T17:09:29","date_gmt":"2022-05-21T16:09:29","guid":{"rendered":"https:\/\/brasserieleversailles.fr\/?page_id=122"},"modified":"2025-05-03T08:33:24","modified_gmt":"2025-05-03T07:33:24","slug":"la-carte","status":"publish","type":"page","link":"https:\/\/brasserieleversailles.fr\/?page_id=122","title":{"rendered":"Carte"},"content":{"rendered":"\n<div class=\"wp-block-columns is-layout-flex wp-container-core-columns-is-layout-9d6595d7 wp-block-columns-is-layout-flex\">\n<div class=\"wp-block-column is-layout-flow wp-block-column-is-layout-flow\">\n<table id=\"tablepress-1\" class=\"tablepress tablepress-id-1\">\n<tbody class=\"row-striping\">\n<tr class=\"row-1\">\n\t<td class=\"column-1\">Tapas<\/td><td class=\"column-2\"><\/td>\n<\/tr>\n<tr class=\"row-2\">\n\t<td class=\"column-1\">Assiette de Taps<\/td><td class=\"column-2\">15.00<\/td>\n<\/tr>\n<tr class=\"row-3\">\n\t<td class=\"column-1\"><\/td><td class=\"column-2\"><\/td>\n<\/tr>\n<tr class=\"row-4\">\n\t<td class=\"column-1\">Entr\u00e9es<\/td><td class=\"column-2\"><\/td>\n<\/tr>\n<tr class=\"row-5\">\n\t<td class=\"column-1\">Soupe oignon<\/td><td class=\"column-2\">6.00<\/td>\n<\/tr>\n<tr class=\"row-6\">\n\t<td class=\"column-1\">Soupe v\u00e9g\u00e9tarienne<\/td><td class=\"column-2\">6.00<\/td>\n<\/tr>\n<tr class=\"row-7\">\n\t<td class=\"column-1\">Croque messieurs<\/td><td class=\"column-2\">6.00<\/td>\n<\/tr>\n<tr class=\"row-8\">\n\t<td class=\"column-1\">Croque madame<\/td><td class=\"column-2\">7.00<\/td>\n<\/tr>\n<tr class=\"row-9\">\n\t<td class=\"column-1\">Omelette Nature<\/td><td class=\"column-2\">10.00<\/td>\n<\/tr>\n<tr class=\"row-10\">\n\t<td class=\"column-1\">Omelette Jambon<\/td><td class=\"column-2\">11.00<\/td>\n<\/tr>\n<tr class=\"row-11\">\n\t<td class=\"column-1\">Omelette Fromage<\/td><td class=\"column-2\">11.00<\/td>\n<\/tr>\n<tr class=\"row-12\">\n\t<td class=\"column-1\">Omelette Jambon Fromage<\/td><td class=\"column-2\">12.50<\/td>\n<\/tr>\n<tr class=\"row-13\">\n\t<td class=\"column-1\"><\/td><td class=\"column-2\"><\/td>\n<\/tr>\n<tr class=\"row-14\">\n\t<td class=\"column-1\">Salades<\/td><td class=\"column-2\"><\/td>\n<\/tr>\n<tr class=\"row-15\">\n\t<td class=\"column-1\">Rouge et verte<\/td><td class=\"column-2\">6.20<\/td>\n<\/tr>\n<tr class=\"row-16\">\n\t<td class=\"column-1\">Mixte<\/td><td class=\"column-2\">10.90<\/td>\n<\/tr>\n<tr class=\"row-17\">\n\t<td class=\"column-1\">Salade du Chef<\/td><td class=\"column-2\">12.90<\/td>\n<\/tr>\n<tr class=\"row-18\">\n\t<td class=\"column-1\">Salade ch\u00e8vre chaud<\/td><td class=\"column-2\">13.40<\/td>\n<\/tr>\n<tr class=\"row-19\">\n\t<td class=\"column-1\">Salade Bigourdane<\/td><td class=\"column-2\">15.00<\/td>\n<\/tr>\n<tr class=\"row-20\">\n\t<td class=\"column-1\">Salade Campagnarde<\/td><td class=\"column-2\">14.50<\/td>\n<\/tr>\n<tr class=\"row-21\">\n\t<td class=\"column-1\">Salade fermi\u00e8re<\/td><td class=\"column-2\">13.90<\/td>\n<\/tr>\n<tr class=\"row-22\">\n\t<td class=\"column-1\">Salade Ni\u00e7oise<\/td><td class=\"column-2\">13.00<\/td>\n<\/tr>\n<tr class=\"row-23\">\n\t<td class=\"column-1\">Salade C\u00e9sar<\/td><td class=\"column-2\">12.70<\/td>\n<\/tr>\n<tr class=\"row-24\">\n\t<td class=\"column-1\"><\/td><td class=\"column-2\"><\/td>\n<\/tr>\n<tr class=\"row-25\">\n\t<td class=\"column-1\">Plats<\/td><td class=\"column-2\"><\/td>\n<\/tr>\n<tr class=\"row-26\">\n\t<td class=\"column-1\">Jambon de Pays\/Frites Oeuf Dur<\/td><td class=\"column-2\">13.00<\/td>\n<\/tr>\n<tr class=\"row-27\">\n\t<td class=\"column-1\">Assiette Mixte<\/td><td class=\"column-2\">15.00<\/td>\n<\/tr>\n<tr class=\"row-28\">\n\t<td class=\"column-1\">Assiette De Versailles<\/td><td class=\"column-2\">15.60<\/td>\n<\/tr>\n<tr class=\"row-29\">\n\t<td class=\"column-1\">Assiette Kebab<\/td><td class=\"column-2\">15.00<\/td>\n<\/tr>\n<tr class=\"row-30\">\n\t<td class=\"column-1\">Entrec\u00f4te<\/td><td class=\"column-2\">22.00<\/td>\n<\/tr>\n<tr class=\"row-31\">\n\t<td class=\"column-1\">Magret de canard entier<\/td><td class=\"column-2\">24.00<\/td>\n<\/tr>\n<tr class=\"row-32\">\n\t<td class=\"column-1\">Confit de canard<\/td><td class=\"column-2\">18.00<\/td>\n<\/tr>\n<tr class=\"row-33\">\n\t<td class=\"column-1\">C\u00f4telettes  d\u2019agneau<\/td><td class=\"column-2\">19.00<\/td>\n<\/tr>\n<tr class=\"row-34\">\n\t<td class=\"column-1\">Cheese Burger<\/td><td class=\"column-2\">13.60<\/td>\n<\/tr>\n<tr class=\"row-35\">\n\t<td class=\"column-1\">Cheese Bigben<\/td><td class=\"column-2\">15.00<\/td>\n<\/tr>\n<tr class=\"row-36\">\n\t<td class=\"column-1\">Cheese Basque<\/td><td class=\"column-2\">15.00<\/td>\n<\/tr>\n<tr class=\"row-37\">\n\t<td class=\"column-1\">Cheese Burger XL<\/td><td class=\"column-2\">16.00<\/td>\n<\/tr>\n<tr class=\"row-38\">\n\t<td class=\"column-1\">Camembert Entier<\/td><td class=\"column-2\">17.00<\/td>\n<\/tr>\n<tr class=\"row-39\">\n\t<td class=\"column-1\">Linguine Carbonara<\/td><td class=\"column-2\">12.50<\/td>\n<\/tr>\n<tr class=\"row-40\">\n\t<td class=\"column-1\">Linguine Bolognaise<\/td><td class=\"column-2\">12.50<\/td>\n<\/tr>\n<tr class=\"row-41\">\n\t<td class=\"column-1\">Assiettes de frites<\/td><td class=\"column-2\">4.00<\/td>\n<\/tr>\n<tr class=\"row-42\">\n\t<td class=\"column-1\"><\/td><td class=\"column-2\"><\/td>\n<\/tr>\n<tr class=\"row-43\">\n\t<td class=\"column-1\">Poissons<\/td><td class=\"column-2\"><\/td>\n<\/tr>\n<tr class=\"row-44\">\n\t<td class=\"column-1\">Moules Marini\u00e8res<\/td><td class=\"column-2\">12.00<\/td>\n<\/tr>\n<tr class=\"row-45\">\n\t<td class=\"column-1\">Moules Curry<\/td><td class=\"column-2\">14.00<\/td>\n<\/tr>\n<tr class=\"row-46\">\n\t<td class=\"column-1\">Moules Roquefort<\/td><td class=\"column-2\">14.50<\/td>\n<\/tr>\n<tr class=\"row-47\">\n\t<td class=\"column-1\">Moules Espagnole<\/td><td class=\"column-2\">15.00<\/td>\n<\/tr>\n<tr class=\"row-48\">\n\t<td class=\"column-1\">Moules Cordobat<\/td><td class=\"column-2\">16.00<\/td>\n<\/tr>\n<tr class=\"row-49\">\n\t<td class=\"column-1\"><\/td><td class=\"column-2\"><\/td>\n<\/tr>\n<tr class=\"row-50\">\n\t<td class=\"column-1\">Pizza<\/td><td class=\"column-2\"><\/td>\n<\/tr>\n<tr class=\"row-51\">\n\t<td class=\"column-1\">Marguerite<\/td><td class=\"column-2\">10.50<\/td>\n<\/tr>\n<tr class=\"row-52\">\n\t<td class=\"column-1\">Pizza kebab<\/td><td class=\"column-2\">14.00<\/td>\n<\/tr>\n<tr class=\"row-53\">\n\t<td class=\"column-1\">Reine<\/td><td class=\"column-2\">13.20<\/td>\n<\/tr>\n<tr class=\"row-54\">\n\t<td class=\"column-1\">Calzone<\/td><td class=\"column-2\">14.00<\/td>\n<\/tr>\n<tr class=\"row-55\">\n\t<td class=\"column-1\">Montagnarde<\/td><td class=\"column-2\">13.30<\/td>\n<\/tr>\n<tr class=\"row-56\">\n\t<td class=\"column-1\">Vesuvio<\/td><td class=\"column-2\">14.00<\/td>\n<\/tr>\n<tr class=\"row-57\">\n\t<td class=\"column-1\">Pizzabeille<\/td><td class=\"column-2\">13.90<\/td>\n<\/tr>\n<tr class=\"row-58\">\n\t<td class=\"column-1\">Blanche<\/td><td class=\"column-2\">13.80<\/td>\n<\/tr>\n<tr class=\"row-59\">\n\t<td class=\"column-1\">Royale<\/td><td class=\"column-2\">14.70<\/td>\n<\/tr>\n<tr class=\"row-60\">\n\t<td class=\"column-1\">4 Fromages<\/td><td class=\"column-2\">14.80<\/td>\n<\/tr>\n<tr class=\"row-61\">\n\t<td class=\"column-1\">Sud-oust<\/td><td class=\"column-2\">15.00<\/td>\n<\/tr>\n<tr class=\"row-62\">\n\t<td class=\"column-1\">Landaise<\/td><td class=\"column-2\">16.00<\/td>\n<\/tr>\n<tr class=\"row-63\">\n\t<td class=\"column-1\">Cannibale<\/td><td class=\"column-2\">13.80<\/td>\n<\/tr>\n<tr class=\"row-64\">\n\t<td class=\"column-1\">Versailles<\/td><td class=\"column-2\">14.20<\/td>\n<\/tr>\n<tr class=\"row-65\">\n\t<td class=\"column-1\">Mexicaine<\/td><td class=\"column-2\">14.00<\/td>\n<\/tr>\n<tr class=\"row-66\">\n\t<td class=\"column-1\">Rustique<\/td><td class=\"column-2\">14.50<\/td>\n<\/tr>\n<tr class=\"row-67\">\n\t<td class=\"column-1\">V\u00e9g\u00e9tarienne<\/td><td class=\"column-2\">13.90<\/td>\n<\/tr>\n<tr class=\"row-68\">\n\t<td class=\"column-1\">Chicken<\/td><td class=\"column-2\">14.10<\/td>\n<\/tr>\n<tr class=\"row-69\">\n\t<td class=\"column-1\">Camembert<\/td><td class=\"column-2\">15.50<\/td>\n<\/tr>\n<tr class=\"row-70\">\n\t<td class=\"column-1\">Tartiflette<\/td><td class=\"column-2\">16.00<\/td>\n<\/tr>\n<tr class=\"row-71\">\n\t<td class=\"column-1\">Sicilienne<\/td><td class=\"column-2\">14.00<\/td>\n<\/tr>\n<tr class=\"row-72\">\n\t<td class=\"column-1\"><\/td><td class=\"column-2\"><\/td>\n<\/tr>\n<tr class=\"row-73\">\n\t<td class=\"column-1\">Dessert<\/td><td class=\"column-2\"><\/td>\n<\/tr>\n<tr class=\"row-74\">\n\t<td class=\"column-1\">Cr\u00eape<\/td><td class=\"column-2\"><\/td>\n<\/tr>\n<tr class=\"row-75\">\n\t<td class=\"column-1\">Cr\u00eape sucre<\/td><td class=\"column-2\">3.90<\/td>\n<\/tr>\n<tr class=\"row-76\">\n\t<td class=\"column-1\">Cr\u00eape confiture<\/td><td class=\"column-2\">4.50<\/td>\n<\/tr>\n<tr class=\"row-77\">\n\t<td class=\"column-1\">Cr\u00eape Nutella<\/td><td class=\"column-2\">4.00<\/td>\n<\/tr>\n<tr class=\"row-78\">\n\t<td class=\"column-1\">Cr\u00eape cr\u00e8me fouett\u00e9e<\/td><td class=\"column-2\">3.90<\/td>\n<\/tr>\n<tr class=\"row-79\">\n\t<td class=\"column-1\">Cr\u00eape Duo Nutella Cr\u00e8me fouett\u00e9e<\/td><td class=\"column-2\">4.50<\/td>\n<\/tr>\n<tr class=\"row-80\">\n\t<td class=\"column-1\">Cr\u00eape Grand Marnier<\/td><td class=\"column-2\">5.50<\/td>\n<\/tr>\n<tr class=\"row-81\">\n\t<td class=\"column-1\">Cr\u00eape Cointreau<\/td><td class=\"column-2\">5.90<\/td>\n<\/tr>\n<tr class=\"row-82\">\n\t<td class=\"column-1\">Cr\u00eape beurre sucre<\/td><td class=\"column-2\">3.70<\/td>\n<\/tr>\n<tr class=\"row-83\">\n\t<td class=\"column-1\">Cr\u00eape sucre citron<\/td><td class=\"column-2\">3.30<\/td>\n<\/tr>\n<tr class=\"row-84\">\n\t<td class=\"column-1\">Cr\u00eape Miel<\/td><td class=\"column-2\">3.90<\/td>\n<\/tr>\n<tr class=\"row-85\">\n\t<td class=\"column-1\">Cr\u00eape sucre cr\u00e8me fouett\u00e9e<\/td><td class=\"column-2\">3.90<\/td>\n<\/tr>\n<tr class=\"row-86\">\n\t<td class=\"column-1\">Cr\u00eape myrtilles<\/td><td class=\"column-2\">3.90<\/td>\n<\/tr>\n<tr class=\"row-87\">\n\t<td class=\"column-1\">Cr\u00eape myrtilles cr\u00e8me fouett\u00e9e<\/td><td class=\"column-2\">4.20<\/td>\n<\/tr>\n<tr class=\"row-88\">\n\t<td class=\"column-1\">Cr\u00eape Versailles<\/td><td class=\"column-2\">6.70<\/td>\n<\/tr>\n<tr class=\"row-89\">\n\t<td class=\"column-1\">Cr\u00eape super versailles<\/td><td class=\"column-2\">8.00<\/td>\n<\/tr>\n<tr class=\"row-90\">\n\t<td class=\"column-1\">Cr\u00eape miel cr\u00e8me fouett\u00e9e<\/td><td class=\"column-2\">4.20<\/td>\n<\/tr>\n<tr class=\"row-91\">\n\t<td class=\"column-1\">Assiette de fromage<\/td><td class=\"column-2\">6.00<\/td>\n<\/tr>\n<tr class=\"row-92\">\n\t<td class=\"column-1\"><\/td><td class=\"column-2\"><\/td>\n<\/tr>\n<tr class=\"row-93\">\n\t<td class=\"column-1\">Gaufre<\/td><td class=\"column-2\"><\/td>\n<\/tr>\n<tr class=\"row-94\">\n\t<td class=\"column-1\">Gaufre Sucre<\/td><td class=\"column-2\">5.50<\/td>\n<\/tr>\n<tr class=\"row-95\">\n\t<td class=\"column-1\">Gaufre Nutella<\/td><td class=\"column-2\">4.50<\/td>\n<\/tr>\n<tr class=\"row-96\">\n\t<td class=\"column-1\">Gaufre Le Versailles<\/td><td class=\"column-2\">8.00<\/td>\n<\/tr>\n<tr class=\"row-97\">\n\t<td class=\"column-1\">Glace<\/td><td class=\"column-2\"><\/td>\n<\/tr>\n<tr class=\"row-98\">\n\t<td class=\"column-1\">FraiseMelba<\/td><td class=\"column-2\">8.40<\/td>\n<\/tr>\n<tr class=\"row-99\">\n\t<td class=\"column-1\">Peche Melba<\/td><td class=\"column-2\">8.40<\/td>\n<\/tr>\n<tr class=\"row-100\">\n\t<td class=\"column-1\">Poire belle H\u00e9lene<\/td><td class=\"column-2\">8.40<\/td>\n<\/tr>\n<tr class=\"row-101\">\n\t<td class=\"column-1\">Dame Blanche<\/td><td class=\"column-2\">7.90<\/td>\n<\/tr>\n<tr class=\"row-102\">\n\t<td class=\"column-1\">Caf\u00e9 Liegeois<\/td><td class=\"column-2\">7.90<\/td>\n<\/tr>\n<tr class=\"row-103\">\n\t<td class=\"column-1\">Chocolat Liegeois<\/td><td class=\"column-2\">7.90<\/td>\n<\/tr>\n<tr class=\"row-104\">\n\t<td class=\"column-1\">Jamaique<\/td><td class=\"column-2\">7.90<\/td>\n<\/tr>\n<tr class=\"row-105\">\n\t<td class=\"column-1\">Colonel<\/td><td class=\"column-2\">8.90<\/td>\n<\/tr>\n<tr class=\"row-106\">\n\t<td class=\"column-1\">Coupe 1 Boules<\/td><td class=\"column-2\">3.00<\/td>\n<\/tr>\n<tr class=\"row-107\">\n\t<td class=\"column-1\">Coupe 2 Boules<\/td><td class=\"column-2\">4.50<\/td>\n<\/tr>\n<tr class=\"row-108\">\n\t<td class=\"column-1\">Coupe 3 Boules<\/td><td class=\"column-2\">6.50<\/td>\n<\/tr>\n<tr class=\"row-109\">\n\t<td class=\"column-1\"><\/td><td class=\"column-2\"><\/td>\n<\/tr>\n<tr class=\"row-110\">\n\t<td class=\"column-1\">P\u00e2tisserie<\/td><td class=\"column-2\"><\/td>\n<\/tr>\n<tr class=\"row-111\">\n\t<td class=\"column-1\">Muffin Chocolat<\/td><td class=\"column-2\">4.50<\/td>\n<\/tr>\n<tr class=\"row-112\">\n\t<td class=\"column-1\">Noix de P\u00e9can<\/td><td class=\"column-2\">4.50<\/td>\n<\/tr>\n<tr class=\"row-113\">\n\t<td class=\"column-1\">Tarte aux pommes<\/td><td class=\"column-2\">4.90<\/td>\n<\/tr>\n<tr class=\"row-114\">\n\t<td class=\"column-1\">G\u00e2teau Basque<\/td><td class=\"column-2\">4.90<\/td>\n<\/tr>\n<tr class=\"row-115\">\n\t<td class=\"column-1\">Tarte Citron meringu\u00e9<\/td><td class=\"column-2\">5.00<\/td>\n<\/tr>\n<tr class=\"row-116\">\n\t<td class=\"column-1\">Eclair chocolat<\/td><td class=\"column-2\">3.50<\/td>\n<\/tr>\n<tr class=\"row-117\">\n\t<td class=\"column-1\">Tartes Myrtille<\/td><td class=\"column-2\">4.90<\/td>\n<\/tr>\n<tr class=\"row-118\">\n\t<td class=\"column-1\"><\/td><td class=\"column-2\"><\/td>\n<\/tr>\n<tr class=\"row-119\">\n\t<td class=\"column-1\">Jus de fruit<\/td><td class=\"column-2\">3.80<\/td>\n<\/tr>\n<tr class=\"row-120\">\n\t<td class=\"column-1\"><\/td><td class=\"column-2\"><\/td>\n<\/tr>\n<tr class=\"row-121\">\n\t<td class=\"column-1\">Eaux<\/td><td class=\"column-2\"><\/td>\n<\/tr>\n<tr class=\"row-122\">\n\t<td class=\"column-1\">1\/2 Eau Min\u00e9rale<\/td><td class=\"column-2\">3.00<\/td>\n<\/tr>\n<tr class=\"row-123\">\n\t<td class=\"column-1\">1\/2 Eau Gazeuse<\/td><td class=\"column-2\">4.50<\/td>\n<\/tr>\n<tr class=\"row-124\">\n\t<td class=\"column-1\">Eau Min\u00e9rale 1l<\/td><td class=\"column-2\">6.00<\/td>\n<\/tr>\n<tr class=\"row-125\">\n\t<td class=\"column-1\">Sirop a l'eau<\/td><td class=\"column-2\">2.20<\/td>\n<\/tr>\n<tr class=\"row-126\">\n\t<td class=\"column-1\">San Pellegrino 50 CL<\/td><td class=\"column-2\">0.00<\/td>\n<\/tr>\n<tr class=\"row-127\">\n\t<td class=\"column-1\">San Pellegrino 1L<\/td><td class=\"column-2\">0.00<\/td>\n<\/tr>\n<tr class=\"row-128\">\n\t<td class=\"column-1\">Evian 50cl<\/td><td class=\"column-2\">0.00<\/td>\n<\/tr>\n<tr class=\"row-129\">\n\t<td class=\"column-1\">Evian 1l<\/td><td class=\"column-2\">0.00<\/td>\n<\/tr>\n<tr class=\"row-130\">\n\t<td class=\"column-1\">Eau min\u00e9rale 50cl<\/td><td class=\"column-2\">3.00<\/td>\n<\/tr>\n<tr class=\"row-131\">\n\t<td class=\"column-1\">Eau gazeuse 25cl<\/td><td class=\"column-2\">4.50<\/td>\n<\/tr>\n<tr class=\"row-132\">\n\t<td class=\"column-1\">Eau Min\u00e9rale 1l<\/td><td class=\"column-2\">6.00<\/td>\n<\/tr>\n<tr class=\"row-133\">\n\t<td class=\"column-1\">Eau gazeuse 1l<\/td><td class=\"column-2\">6.00<\/td>\n<\/tr>\n<tr class=\"row-134\">\n\t<td class=\"column-1\"><\/td><td class=\"column-2\"><\/td>\n<\/tr>\n<tr class=\"row-135\">\n\t<td class=\"column-1\">Soda<\/td><td class=\"column-2\"><\/td>\n<\/tr>\n<tr class=\"row-136\">\n\t<td class=\"column-1\">Orangina<\/td><td class=\"column-2\">3.50<\/td>\n<\/tr>\n<tr class=\"row-137\">\n\t<td class=\"column-1\">Seven Up<\/td><td class=\"column-2\">3.50<\/td>\n<\/tr>\n<tr class=\"row-138\">\n\t<td class=\"column-1\">Gini<\/td><td class=\"column-2\">3.50<\/td>\n<\/tr>\n<tr class=\"row-139\">\n\t<td class=\"column-1\">Schweppes<\/td><td class=\"column-2\">3.50<\/td>\n<\/tr>\n<tr class=\"row-140\">\n\t<td class=\"column-1\">Cacolac<\/td><td class=\"column-2\">3.50<\/td>\n<\/tr>\n<tr class=\"row-141\">\n\t<td class=\"column-1\">Ice tea<\/td><td class=\"column-2\">3.50<\/td>\n<\/tr>\n<tr class=\"row-142\">\n\t<td class=\"column-1\">Coca Cola<\/td><td class=\"column-2\">3.50<\/td>\n<\/tr>\n<tr class=\"row-143\">\n\t<td class=\"column-1\">Coca Light<\/td><td class=\"column-2\">3.50<\/td>\n<\/tr>\n<tr class=\"row-144\">\n\t<td class=\"column-1\">Coca Z\u00e9ro<\/td><td class=\"column-2\">3.50<\/td>\n<\/tr>\n<tr class=\"row-145\">\n\t<td class=\"column-1\">Limonade<\/td><td class=\"column-2\">3.50<\/td>\n<\/tr>\n<tr class=\"row-146\">\n\t<td class=\"column-1\">Orangina<\/td><td class=\"column-2\">3.50<\/td>\n<\/tr>\n<tr class=\"row-147\">\n\t<td class=\"column-1\">Schweppes Agrumes<\/td><td class=\"column-2\">3.50<\/td>\n<\/tr>\n<tr class=\"row-148\">\n\t<td class=\"column-1\">Red bull<\/td><td class=\"column-2\">4.00<\/td>\n<\/tr>\n<\/tbody>\n<\/table>\n<!-- #tablepress-1 from cache -->\n<\/div>\n<\/div>\n\n\n\n<div class=\"wp-block-columns is-layout-flex wp-container-core-columns-is-layout-9d6595d7 wp-block-columns-is-layout-flex\">\n<div class=\"wp-block-column is-layout-flow wp-block-column-is-layout-flow\"><\/div>\n\n\n\n<div class=\"wp-block-column is-layout-flow wp-block-column-is-layout-flow\"><\/div>\n<\/div>\n\n\n\n<div class=\"wp-block-columns is-layout-flex wp-container-core-columns-is-layout-9d6595d7 wp-block-columns-is-layout-flex\">\n<div class=\"wp-block-column is-layout-flow wp-block-column-is-layout-flow\"><\/div>\n\n\n\n<div class=\"wp-block-column is-layout-flow wp-block-column-is-layout-flow\"><\/div>\n<\/div>\n","protected":false},"excerpt":{"rendered":"","protected":false},"author":1,"featured_media":0,"parent":0,"menu_order":0,"comment_status":"closed","ping_status":"closed","template":"","meta":{"footnotes":""},"class_list":["post-122","page","type-page","status-publish","hentry"],"yoast_head":"<!-- This site is optimized with the Yoast SEO plugin v27.4 - https:\/\/yoast.com\/product\/yoast-seo-wordpress\/ -->\n<title>Carte - Caf\u00e9 Brasserie Le Versailles Lourdes<\/title>\n<meta name=\"robots\" content=\"index, follow, max-snippet:-1, max-image-preview:large, max-video-preview:-1\" \/>\n<link rel=\"canonical\" href=\"https:\/\/brasserieleversailles.fr\/?page_id=122\" \/>\n<meta property=\"og:locale\" content=\"fr_FR\" \/>\n<meta property=\"og:type\" content=\"article\" \/>\n<meta property=\"og:title\" content=\"Carte - Caf\u00e9 Brasserie Le Versailles Lourdes\" \/>\n<meta property=\"og:url\" content=\"https:\/\/brasserieleversailles.fr\/?page_id=122\" \/>\n<meta property=\"og:site_name\" content=\"Caf\u00e9 Brasserie Le Versailles Lourdes\" \/>\n<meta property=\"article:modified_time\" content=\"2025-05-03T07:33:24+00:00\" \/>\n<meta name=\"twitter:label1\" content=\"Dur\u00e9e de lecture estim\u00e9e\" \/>\n\t<meta name=\"twitter:data1\" content=\"1 minute\" \/>\n<script type=\"application\/ld+json\" class=\"yoast-schema-graph\">{\"@context\":\"https:\\\/\\\/schema.org\",\"@graph\":[{\"@type\":\"WebPage\",\"@id\":\"https:\\\/\\\/brasserieleversailles.fr\\\/?page_id=122\",\"url\":\"https:\\\/\\\/brasserieleversailles.fr\\\/?page_id=122\",\"name\":\"Carte - Caf\u00e9 Brasserie Le Versailles Lourdes\",\"isPartOf\":{\"@id\":\"https:\\\/\\\/brasserieleversailles.fr\\\/#website\"},\"datePublished\":\"2022-05-21T16:09:29+00:00\",\"dateModified\":\"2025-05-03T07:33:24+00:00\",\"inLanguage\":\"fr-FR\",\"potentialAction\":[{\"@type\":\"ReadAction\",\"target\":[\"https:\\\/\\\/brasserieleversailles.fr\\\/?page_id=122\"]}]},{\"@type\":\"WebSite\",\"@id\":\"https:\\\/\\\/brasserieleversailles.fr\\\/#website\",\"url\":\"https:\\\/\\\/brasserieleversailles.fr\\\/\",\"name\":\"Caf\u00e9 Brasserie Le Versailles Lourdes\",\"description\":\"\",\"potentialAction\":[{\"@type\":\"SearchAction\",\"target\":{\"@type\":\"EntryPoint\",\"urlTemplate\":\"https:\\\/\\\/brasserieleversailles.fr\\\/?s={search_term_string}\"},\"query-input\":{\"@type\":\"PropertyValueSpecification\",\"valueRequired\":true,\"valueName\":\"search_term_string\"}}],\"inLanguage\":\"fr-FR\"}]}<\/script>\n<!-- \/ Yoast SEO plugin. -->","yoast_head_json":{"title":"Carte - Caf\u00e9 Brasserie Le Versailles Lourdes","robots":{"index":"index","follow":"follow","max-snippet":"max-snippet:-1","max-image-preview":"max-image-preview:large","max-video-preview":"max-video-preview:-1"},"canonical":"https:\/\/brasserieleversailles.fr\/?page_id=122","og_locale":"fr_FR","og_type":"article","og_title":"Carte - Caf\u00e9 Brasserie Le Versailles Lourdes","og_url":"https:\/\/brasserieleversailles.fr\/?page_id=122","og_site_name":"Caf\u00e9 Brasserie Le Versailles Lourdes","article_modified_time":"2025-05-03T07:33:24+00:00","twitter_misc":{"Dur\u00e9e de lecture estim\u00e9e":"1 minute"},"schema":{"@context":"https:\/\/schema.org","@graph":[{"@type":"WebPage","@id":"https:\/\/brasserieleversailles.fr\/?page_id=122","url":"https:\/\/brasserieleversailles.fr\/?page_id=122","name":"Carte - Caf\u00e9 Brasserie Le Versailles Lourdes","isPartOf":{"@id":"https:\/\/brasserieleversailles.fr\/#website"},"datePublished":"2022-05-21T16:09:29+00:00","dateModified":"2025-05-03T07:33:24+00:00","inLanguage":"fr-FR","potentialAction":[{"@type":"ReadAction","target":["https:\/\/brasserieleversailles.fr\/?page_id=122"]}]},{"@type":"WebSite","@id":"https:\/\/brasserieleversailles.fr\/#website","url":"https:\/\/brasserieleversailles.fr\/","name":"Caf\u00e9 Brasserie Le Versailles Lourdes","description":"","potentialAction":[{"@type":"SearchAction","target":{"@type":"EntryPoint","urlTemplate":"https:\/\/brasserieleversailles.fr\/?s={search_term_string}"},"query-input":{"@type":"PropertyValueSpecification","valueRequired":true,"valueName":"search_term_string"}}],"inLanguage":"fr-FR"}]}},"_links":{"self":[{"href":"https:\/\/brasserieleversailles.fr\/index.php?rest_route=\/wp\/v2\/pages\/122","targetHints":{"allow":["GET"]}}],"collection":[{"href":"https:\/\/brasserieleversailles.fr\/index.php?rest_route=\/wp\/v2\/pages"}],"about":[{"href":"https:\/\/brasserieleversailles.fr\/index.php?rest_route=\/wp\/v2\/types\/page"}],"author":[{"embeddable":true,"href":"https:\/\/brasserieleversailles.fr\/index.php?rest_route=\/wp\/v2\/users\/1"}],"replies":[{"embeddable":true,"href":"https:\/\/brasserieleversailles.fr\/index.php?rest_route=%2Fwp%2Fv2%2Fcomments&post=122"}],"version-history":[{"count":3,"href":"https:\/\/brasserieleversailles.fr\/index.php?rest_route=\/wp\/v2\/pages\/122\/revisions"}],"predecessor-version":[{"id":331,"href":"https:\/\/brasserieleversailles.fr\/index.php?rest_route=\/wp\/v2\/pages\/122\/revisions\/331"}],"wp:attachment":[{"href":"https:\/\/brasserieleversailles.fr\/index.php?rest_route=%2Fwp%2Fv2%2Fmedia&parent=122"}],"curies":[{"name":"wp","href":"https:\/\/api.w.org\/{rel}","templated":true}]}}